{"id":17896,"date":"2021-01-20T14:56:41","date_gmt":"2021-01-20T12:56:41","guid":{"rendered":"https:\/\/dinen.shop\/?post_type=product&#038;p=17896"},"modified":"2021-02-06T22:48:08","modified_gmt":"2021-02-06T20:48:08","slug":"lancome-idole-eau-de-parfum-spray-75ml","status":"publish","type":"product","link":"https:\/\/dinen.shop\/?product=lancome-idole-eau-de-parfum-spray-75ml","title":{"rendered":"Lancome Idole Eau de Parfum Spray 75ml"},"content":{"rendered":"<div class=\"tab active\">*photography highlights the design of the bottle from multiple angles, Product Contains 1 x Lancome Idole Eau de Parfum*<br \/>\nLanc\u00f4me Id\u00f4le is a beautiful perfume for women who dare to be their icon. This exciting Lanc\u00f4me fragrance boasts notes of rose and jasmine, combined to inspire confidence with every spritz. This 75ml Lanc\u00f4me Id\u00f4le is a perfect size for any dressing table. At the same time, the attractive pink glass bottle means it will be an excellent gift for any special friend or relative. Treat yourself or someone you love; whoever it\u2019s for, we\u2019re sure this Lanc\u00f4me perfume will go down wonderfully. Notes: rose, chypre accord, jasmine.<\/div>\n<div><\/div>\n<div><\/div>\n","protected":false},"excerpt":{"rendered":"<p>*photography highlights the design of the bottle from multiple angles, Product Contains 1 x Lancome Idole Eau de Parfum* Lanc\u00f4me Id\u00f4le is a beautiful perfume for women who dare to be their icon. This exciting Lanc\u00f4me fragrance boasts notes of rose and jasmine, combined to inspire confidence with every spritz. This 75ml Lanc\u00f4me Id\u00f4le is [&hellip;]<\/p>\n","protected":false},"featured_media":17897,"comment_status":"open","ping_status":"closed","template":"","meta":{"_mo_disable_npp":""},"ams_default_variation_id":0,"ams_product_discount_percentage":0,"featured_image_src":"https:\/\/dinen.shop\/wp-content\/uploads\/2021\/01\/1-32.jpg","_links":{"self":[{"href":"https:\/\/dinen.shop\/index.php?rest_route=\/wp\/v2\/product\/17896"}],"collection":[{"href":"https:\/\/dinen.shop\/index.php?rest_route=\/wp\/v2\/product"}],"about":[{"href":"https:\/\/dinen.shop\/index.php?rest_route=\/wp\/v2\/types\/product"}],"replies":[{"embeddable":true,"href":"https:\/\/dinen.shop\/index.php?rest_route=%2Fwp%2Fv2%2Fcomments&post=17896"}],"version-history":[{"count":2,"href":"https:\/\/dinen.shop\/index.php?rest_route=\/wp\/v2\/product\/17896\/revisions"}],"predecessor-version":[{"id":17904,"href":"https:\/\/dinen.shop\/index.php?rest_route=\/wp\/v2\/product\/17896\/revisions\/17904"}],"wp:featuredmedia":[{"embeddable":true,"href":"https:\/\/dinen.shop\/index.php?rest_route=\/wp\/v2\/media\/17897"}],"wp:attachment":[{"href":"https:\/\/dinen.shop\/index.php?rest_route=%2Fwp%2Fv2%2Fmedia&parent=17896"}],"curies":[{"name":"wp","href":"https:\/\/api.w.org\/{rel}","templated":true}]}}