{"id":25538,"date":"2021-06-08T23:51:00","date_gmt":"2021-06-08T21:51:00","guid":{"rendered":"https:\/\/dinen.shop\/?post_type=product&#038;p=25538"},"modified":"2022-04-19T19:17:37","modified_gmt":"2022-04-19T17:17:37","slug":"lancome-idole-eau-de-parfum-spray-100ml","status":"publish","type":"product","link":"https:\/\/dinen.shop\/?product=lancome-idole-eau-de-parfum-spray-100ml","title":{"rendered":"Lancome Idole Eau de Parfum Spray 100ml"},"content":{"rendered":"<div class=\"tab active\">*photography highlights the design of the bottle from multiple angles, Product Contains 1 x Lancome Idole Eau de Parfum*<br \/>\nDare to be your own icon with every spritz of this beautiful perfume by Lanc\u00f4me. Lanc\u00f4me Id\u00f4le is an exciting fragrance that\u2019s perfect for wearing every day. Enjoy the attractive pink bottle on your dressing table, or give this fresh fragrance as a gift for somebody special. This Lanc\u00f4me Id\u00f4le perfume combines notes of rose, jasmine, pear, musk, and vanilla. It\u2019s easy to wear whatever the occasion. Available here in sizes ranging from 25ml to 100ml, you can try a smaller bottle of this Lanc\u00f4me ladies perfume before committing to a larger size. Notes: rose, jasmine, pear, musk, vanilla.<\/div>\n<div><\/div>\n<div><\/div>\n","protected":false},"excerpt":{"rendered":"<p>*photography highlights the design of the bottle from multiple angles, Product Contains 1 x Lancome Idole Eau de Parfum* Dare to be your own icon with every spritz of this beautiful perfume by Lanc\u00f4me. Lanc\u00f4me Id\u00f4le is an exciting fragrance that\u2019s perfect for wearing every day. Enjoy the attractive pink bottle on your dressing table, [&hellip;]<\/p>\n","protected":false},"featured_media":25539,"comment_status":"open","ping_status":"closed","template":"","meta":{"_mo_disable_npp":""},"ams_default_variation_id":0,"ams_product_discount_percentage":0,"featured_image_src":"https:\/\/dinen.shop\/wp-content\/uploads\/2021\/06\/100ml.jpg","_links":{"self":[{"href":"https:\/\/dinen.shop\/index.php?rest_route=\/wp\/v2\/product\/25538"}],"collection":[{"href":"https:\/\/dinen.shop\/index.php?rest_route=\/wp\/v2\/product"}],"about":[{"href":"https:\/\/dinen.shop\/index.php?rest_route=\/wp\/v2\/types\/product"}],"replies":[{"embeddable":true,"href":"https:\/\/dinen.shop\/index.php?rest_route=%2Fwp%2Fv2%2Fcomments&post=25538"}],"version-history":[{"count":1,"href":"https:\/\/dinen.shop\/index.php?rest_route=\/wp\/v2\/product\/25538\/revisions"}],"predecessor-version":[{"id":25540,"href":"https:\/\/dinen.shop\/index.php?rest_route=\/wp\/v2\/product\/25538\/revisions\/25540"}],"wp:featuredmedia":[{"embeddable":true,"href":"https:\/\/dinen.shop\/index.php?rest_route=\/wp\/v2\/media\/25539"}],"wp:attachment":[{"href":"https:\/\/dinen.shop\/index.php?rest_route=%2Fwp%2Fv2%2Fmedia&parent=25538"}],"curies":[{"name":"wp","href":"https:\/\/api.w.org\/{rel}","templated":true}]}}