{"id":2679,"date":"2020-03-19T17:42:35","date_gmt":"2020-03-19T15:42:35","guid":{"rendered":"https:\/\/dinen.shop\/?post_type=product&#038;p=2679"},"modified":"2020-03-19T18:07:45","modified_gmt":"2020-03-19T16:07:45","slug":"carolina-herrera-good-girl-legere-gift-set-edp-50ml","status":"publish","type":"product","link":"https:\/\/dinen.shop\/?product=carolina-herrera-good-girl-legere-gift-set-edp-50ml","title":{"rendered":"Carolina Herrera Good Girl Legere Gift Set EDP 50ml"},"content":{"rendered":"<p>The iconic symbol of a \u2018femme fatale\u2019 has been reimagined, keeping the haute-couture gold stiletto heel from GOOD GIRL and empowering it with a new equally seductive personality. The black-lacquered bottle gradates from a clear, transparent base to a midnight-blue crown, representing the transition from Day to Night \u2013 and from Good to Bad. Representing strong women and their \u2018alegr\u00eda de vivir\u2019 GOOD GIRL EDP L\u00e9g\u00e8re reinterprets the essence of the modern femme fatale. Lighter and softer than the original scent, GOOD GIRL EDP L\u00e9g\u00e8re uses the regal Jasmine Sambac Imperial; a soft flower known for its exquisite high quality. A more sophisticated Tonka is enveloped by creamy woods and the sensual, velvety aroma of Dulce de Leche.<\/p>\n","protected":false},"excerpt":{"rendered":"<p>This Gift Set Contains: Good Girl Legere Eau de Parfum 50ml, Body Lotion 75ml &amp; a Mini Fragrance suitable for a handbag or purse when you&#8217;re on the move or traveling<\/p>\n","protected":false},"featured_media":2680,"comment_status":"open","ping_status":"closed","template":"","meta":{"_mo_disable_npp":""},"ams_default_variation_id":0,"ams_product_discount_percentage":0,"featured_image_src":"https:\/\/dinen.shop\/wp-content\/uploads\/2020\/03\/1-34.jpg","_links":{"self":[{"href":"https:\/\/dinen.shop\/index.php?rest_route=\/wp\/v2\/product\/2679"}],"collection":[{"href":"https:\/\/dinen.shop\/index.php?rest_route=\/wp\/v2\/product"}],"about":[{"href":"https:\/\/dinen.shop\/index.php?rest_route=\/wp\/v2\/types\/product"}],"replies":[{"embeddable":true,"href":"https:\/\/dinen.shop\/index.php?rest_route=%2Fwp%2Fv2%2Fcomments&post=2679"}],"version-history":[{"count":1,"href":"https:\/\/dinen.shop\/index.php?rest_route=\/wp\/v2\/product\/2679\/revisions"}],"predecessor-version":[{"id":2686,"href":"https:\/\/dinen.shop\/index.php?rest_route=\/wp\/v2\/product\/2679\/revisions\/2686"}],"wp:featuredmedia":[{"embeddable":true,"href":"https:\/\/dinen.shop\/index.php?rest_route=\/wp\/v2\/media\/2680"}],"wp:attachment":[{"href":"https:\/\/dinen.shop\/index.php?rest_route=%2Fwp%2Fv2%2Fmedia&parent=2679"}],"curies":[{"name":"wp","href":"https:\/\/api.w.org\/{rel}","templated":true}]}}