{"id":8917,"date":"2020-08-05T18:41:28","date_gmt":"2020-08-05T16:41:28","guid":{"rendered":"https:\/\/dinen.shop\/?post_type=product&#038;p=8917"},"modified":"2020-08-21T14:17:51","modified_gmt":"2020-08-21T12:17:51","slug":"terre-dhermes-eau-intense-vetiver-100ml-edp-gift-set","status":"publish","type":"product","link":"https:\/\/dinen.shop\/?product=terre-dhermes-eau-intense-vetiver-100ml-edp-gift-set","title":{"rendered":"Terre D&#8217;Herm\u00e8s Eau Intense Vetiver 100ml EDP Gift Set"},"content":{"rendered":"<p>Terre d&#8217;Herm\u00e8s Eau Intense Vetiver by Herm\u00e8s is a woody and aromatic Eau De Parfum fragrance for men.<\/p>\n<p>It contains notes of vetiver, citruses, sichuan pepper and bergamot.<\/p>\n<p>Terre d&#8217;Herm\u00e8s Eau Intense Vetiver was launched by Herm\u00e8s in 2018.<\/p>\n","protected":false},"excerpt":{"rendered":"<p>This Gift Set Contains: <b>1x Herm\u00e8s Terre d&#8217;Herm\u00e8s Eau Intense Vetiver 100ml EDP<\/b> <b>+ 1x 80ml Shower Gel<\/b><\/p>\n","protected":false},"featured_media":8919,"comment_status":"open","ping_status":"closed","template":"","meta":{"_mo_disable_npp":""},"ams_default_variation_id":0,"ams_product_discount_percentage":0,"featured_image_src":"https:\/\/dinen.shop\/wp-content\/uploads\/2020\/08\/1-5.jpg","_links":{"self":[{"href":"https:\/\/dinen.shop\/index.php?rest_route=\/wp\/v2\/product\/8917"}],"collection":[{"href":"https:\/\/dinen.shop\/index.php?rest_route=\/wp\/v2\/product"}],"about":[{"href":"https:\/\/dinen.shop\/index.php?rest_route=\/wp\/v2\/types\/product"}],"replies":[{"embeddable":true,"href":"https:\/\/dinen.shop\/index.php?rest_route=%2Fwp%2Fv2%2Fcomments&post=8917"}],"version-history":[{"count":1,"href":"https:\/\/dinen.shop\/index.php?rest_route=\/wp\/v2\/product\/8917\/revisions"}],"predecessor-version":[{"id":8924,"href":"https:\/\/dinen.shop\/index.php?rest_route=\/wp\/v2\/product\/8917\/revisions\/8924"}],"wp:featuredmedia":[{"embeddable":true,"href":"https:\/\/dinen.shop\/index.php?rest_route=\/wp\/v2\/media\/8919"}],"wp:attachment":[{"href":"https:\/\/dinen.shop\/index.php?rest_route=%2Fwp%2Fv2%2Fmedia&parent=8917"}],"curies":[{"name":"wp","href":"https:\/\/api.w.org\/{rel}","templated":true}]}}